{"id":12201,"date":"2025-10-20T10:11:07","date_gmt":"2025-10-20T07:11:07","guid":{"rendered":"https:\/\/geliai.lt\/?post_type=product&#038;p=12201"},"modified":"2026-02-26T17:49:36","modified_gmt":"2026-02-26T15:49:36","slug":"joseoni-dunastia-kreemi-ilu","status":"publish","type":"product","link":"https:\/\/geliai.lt\/et\/parduotuve\/veido-kremai\/beauty-of-joseon-dynasty-cream\/","title":{"rendered":"Joseoni d\u00fcnastia ilu kreem n\u00e4okreem"},"content":{"rendered":"","protected":false},"excerpt":{"rendered":"<h6>Joseoni d\u00fcnastia ilu kreem n\u00e4okreem<\/h6>\n<p>N\u00e4okreem, mis on rikastatud Hanbangi (Korea traditsiooniline taimne ravim) toitvate koostisosadega. Riisikliivesi (29 %) \u2013 aitab s\u00e4ilitada naha niiskust ja tervet v\u00e4limust. \u017den\u0161ennijuurevesi (5 %) \u2013 omab p\u00f5letikuvastaseid omadusi. Valem on rikastatud ka 2 % niatsiinamiidi ja 2 % skvalaaniga, mis tasakaalustavad \u00f5li- ja niiskustasakaalu ning kaitsevad nahka v\u00e4liste \u00e4rritajate eest. T\u00e4nu koostises sisalduvatele keramiididele aitab kreem tugevdada ka nahabarj\u00e4\u00e4ri, et nahk p\u00fcsiks kauem niisutatud. Kreemi pehme ja rikkalik tekstuur imendub \u00fcsna kiiresti ning j\u00e4tab naha pringiks ja s\u00e4ravaks. Maht: 50 ml<\/p>","protected":false},"featured_media":15105,"comment_status":"open","ping_status":"closed","template":"","meta":[],"product_brand":[327],"product_cat":[182,570],"product_tag":[],"class_list":{"0":"post-12201","1":"product","2":"type-product","3":"status-publish","4":"has-post-thumbnail","6":"product_brand-beauty-of-johnson","7":"product_cat-veido-kremai","8":"product_cat-veido-prieziura","10":"first","11":"instock","12":"shipping-taxable","13":"purchasable","14":"product-type-variable"},"_links":{"self":[{"href":"https:\/\/geliai.lt\/et\/wp-json\/wp\/v2\/product\/12201","targetHints":{"allow":["GET"]}}],"collection":[{"href":"https:\/\/geliai.lt\/et\/wp-json\/wp\/v2\/product"}],"about":[{"href":"https:\/\/geliai.lt\/et\/wp-json\/wp\/v2\/types\/product"}],"replies":[{"embeddable":true,"href":"https:\/\/geliai.lt\/et\/wp-json\/wp\/v2\/comments?post=12201"}],"version-history":[{"count":3,"href":"https:\/\/geliai.lt\/et\/wp-json\/wp\/v2\/product\/12201\/revisions"}],"predecessor-version":[{"id":15106,"href":"https:\/\/geliai.lt\/et\/wp-json\/wp\/v2\/product\/12201\/revisions\/15106"}],"wp:featuredmedia":[{"embeddable":true,"href":"https:\/\/geliai.lt\/et\/wp-json\/wp\/v2\/media\/15105"}],"wp:attachment":[{"href":"https:\/\/geliai.lt\/et\/wp-json\/wp\/v2\/media?parent=12201"}],"wp:term":[{"taxonomy":"product_brand","embeddable":true,"href":"https:\/\/geliai.lt\/et\/wp-json\/wp\/v2\/product_brand?post=12201"},{"taxonomy":"product_cat","embeddable":true,"href":"https:\/\/geliai.lt\/et\/wp-json\/wp\/v2\/product_cat?post=12201"},{"taxonomy":"product_tag","embeddable":true,"href":"https:\/\/geliai.lt\/et\/wp-json\/wp\/v2\/product_tag?post=12201"}],"curies":[{"name":"wp","href":"https:\/\/api.w.org\/{rel}","templated":true}]}}