{"id":12066,"date":"2025-09-25T16:09:55","date_gmt":"2025-09-25T13:09:55","guid":{"rendered":"https:\/\/geliai.lt\/?post_type=product&#038;p=12066"},"modified":"2026-02-17T14:04:42","modified_gmt":"2026-02-17T12:04:42","slug":"karbiidotsaga-mais","status":"publish","type":"product","link":"https:\/\/geliai.lt\/et\/parduotuve\/antgaliai\/karbidinis-antgalis-kukuruzo\/","title":{"rendered":"Karbiidots &quot;Corn Shape&quot;, L-14 mm, \u00d86 mm"},"content":{"rendered":"<p data-start=\"841\" data-end=\"1137\"><strong data-start=\"841\" data-end=\"863\">Tehnilised omadused:<\/strong><br data-start=\"863\" data-end=\"866\" \/>Pikkus: 14 mm<br data-start=\"878\" data-end=\"881\" \/>L\u00e4bim\u00f5\u00f5t: 6 mm<br data-start=\"895\" data-end=\"898\" \/>Kuju: maisikujuline<br data-start=\"919\" data-end=\"922\" \/>Lainet\u00fc\u00fcp: lihtne t\u00e4iendava risttalaga<br data-start=\"971\" data-end=\"974\" \/>Materjal: volframkarbiid<br data-start=\"1001\" data-end=\"1004\" \/>Kate: tsirkoonium neti-kuumutuskate<br data-start=\"1030\" data-end=\"1033\" \/>Kasutamine: geeli, geellaki eemaldamiseks ja kunstk\u00fc\u00fcnte korrigeerimiseks<br data-start=\"1107\" data-end=\"1110\" \/>Kood: HBZN-274C.060<\/p>","protected":false},"excerpt":{"rendered":"<h6>Karbiidist otsaga maisikujuline<\/h6>\n<p>See karbiidots &quot;Kukur\u016bzo Forma&quot; on m\u00f5eldud geeli ja geellakkide eemaldamiseks ning kunstk\u00fc\u00fcnte korrigeerimiseks. Lihtne ribiline struktuur koos t\u00e4iendava risttalaga tagab t\u00f5husa ja ohutu t\u00f6\u00f6. Tsirkoonium-neti-heat kate garanteerib pikema kasutusea ja professionaalse kasutamise.<\/p>","protected":false},"featured_media":15110,"comment_status":"open","ping_status":"closed","template":"","meta":[],"product_brand":[294],"product_cat":[258,288,316],"product_tag":[],"class_list":{"0":"post-12066","1":"product","2":"type-product","3":"status-publish","4":"has-post-thumbnail","6":"product_brand-head-the-beauty-tools","7":"product_cat-antgaliai","8":"product_cat-instrumentai","9":"product_cat-karbidiniai-antgaliai","11":"first","12":"instock","13":"shipping-taxable","14":"purchasable","15":"product-type-simple"},"_links":{"self":[{"href":"https:\/\/geliai.lt\/et\/wp-json\/wp\/v2\/product\/12066","targetHints":{"allow":["GET"]}}],"collection":[{"href":"https:\/\/geliai.lt\/et\/wp-json\/wp\/v2\/product"}],"about":[{"href":"https:\/\/geliai.lt\/et\/wp-json\/wp\/v2\/types\/product"}],"replies":[{"embeddable":true,"href":"https:\/\/geliai.lt\/et\/wp-json\/wp\/v2\/comments?post=12066"}],"version-history":[{"count":3,"href":"https:\/\/geliai.lt\/et\/wp-json\/wp\/v2\/product\/12066\/revisions"}],"predecessor-version":[{"id":15111,"href":"https:\/\/geliai.lt\/et\/wp-json\/wp\/v2\/product\/12066\/revisions\/15111"}],"wp:featuredmedia":[{"embeddable":true,"href":"https:\/\/geliai.lt\/et\/wp-json\/wp\/v2\/media\/15110"}],"wp:attachment":[{"href":"https:\/\/geliai.lt\/et\/wp-json\/wp\/v2\/media?parent=12066"}],"wp:term":[{"taxonomy":"product_brand","embeddable":true,"href":"https:\/\/geliai.lt\/et\/wp-json\/wp\/v2\/product_brand?post=12066"},{"taxonomy":"product_cat","embeddable":true,"href":"https:\/\/geliai.lt\/et\/wp-json\/wp\/v2\/product_cat?post=12066"},{"taxonomy":"product_tag","embeddable":true,"href":"https:\/\/geliai.lt\/et\/wp-json\/wp\/v2\/product_tag?post=12066"}],"curies":[{"name":"wp","href":"https:\/\/api.w.org\/{rel}","templated":true}]}}