{"id":12042,"date":"2025-09-25T12:53:34","date_gmt":"2025-09-25T09:53:34","guid":{"rendered":"https:\/\/geliai.lt\/?post_type=product&#038;p=12042"},"modified":"2026-02-17T14:46:26","modified_gmt":"2026-02-17T12:46:26","slug":"umar-koonus-xl-24x10-240grit","status":"publish","type":"product","link":"https:\/\/geliai.lt\/et\/parduotuve\/antgaliai\/rounded-cone-xl-24x10-240grit\/","title":{"rendered":"Silikoonotsaga \u00fcmar koonus XL, tera suurus 240, pikkus 24 mm, \u00d8 10 mm"},"content":{"rendered":"<p><strong data-start=\"976\" data-end=\"999\">Tehnilised andmed<\/strong><br data-start=\"999\" data-end=\"1002\" \/>Kuju: \u00fcmmargune koonus<br data-start=\"1022\" data-end=\"1025\" \/>V\u00e4rv: roheline<br data-start=\"1038\" data-end=\"1041\" \/>Suurus: L 24 mm \u00d8 10 mm<br data-start=\"1063\" data-end=\"1066\" \/>Teravilja karedus: 240<br data-start=\"1075\" data-end=\"1078\" \/>T\u00fc\u00fcp: poleerimiseks<br data-start=\"1096\" data-end=\"1099\" \/>Kood: HSP-171.240.100<br data-start=\"1121\" data-end=\"1124\" \/>Kasutamine: k\u00fc\u00fcnte poleerimiseks, naturaalsete k\u00fc\u00fcnte poleerimiseks, naha poleerimiseks<br data-start=\"1197\" data-end=\"1200\" \/>Omadused: ei kanna soojust \u00fcle, eemaldab \u00f5rnalt k\u00fc\u00fcnenahad, kaitseb k\u00fc\u00fcsi ja nahka<\/p>","protected":false},"excerpt":{"rendered":"<h6>Silikoonist ots \u00fcmmarguse koonuse kujuga XL<\/h6>\n<p>Avasta professionaalne manik\u00fc\u00fcrivahend \u2013 XL 240 teraga \u00fcmara koonusekujulise silikoonotsaga. See ots sobib ideaalselt k\u00fc\u00fcnte poleerimiseks, naturaalsete k\u00fc\u00fcnte poleerimiseks ja naha lihvimiseks manik\u00fc\u00fcri ajal. Selle koonusekuju tagab mugava hoidmise ja \u00fchtlase surve. Ots ei kanna soojust \u00fcle, eemaldab \u00f5rnalt k\u00fc\u00fcnenahad ning kaitseb k\u00fc\u00fcsi ja nahka, muutes t\u00f6\u00f6 kiiremaks, ohutumaks ja nauditavamaks.<\/p>","protected":false},"featured_media":15130,"comment_status":"open","ping_status":"closed","template":"","meta":[],"product_brand":[294],"product_cat":[258,288,317],"product_tag":[],"class_list":{"0":"post-12042","1":"product","2":"type-product","3":"status-publish","4":"has-post-thumbnail","6":"product_brand-head-the-beauty-tools","7":"product_cat-antgaliai","8":"product_cat-instrumentai","9":"product_cat-silikoniniai-antgaliai","11":"first","12":"instock","13":"shipping-taxable","14":"purchasable","15":"product-type-simple"},"_links":{"self":[{"href":"https:\/\/geliai.lt\/et\/wp-json\/wp\/v2\/product\/12042","targetHints":{"allow":["GET"]}}],"collection":[{"href":"https:\/\/geliai.lt\/et\/wp-json\/wp\/v2\/product"}],"about":[{"href":"https:\/\/geliai.lt\/et\/wp-json\/wp\/v2\/types\/product"}],"replies":[{"embeddable":true,"href":"https:\/\/geliai.lt\/et\/wp-json\/wp\/v2\/comments?post=12042"}],"version-history":[{"count":3,"href":"https:\/\/geliai.lt\/et\/wp-json\/wp\/v2\/product\/12042\/revisions"}],"predecessor-version":[{"id":15131,"href":"https:\/\/geliai.lt\/et\/wp-json\/wp\/v2\/product\/12042\/revisions\/15131"}],"wp:featuredmedia":[{"embeddable":true,"href":"https:\/\/geliai.lt\/et\/wp-json\/wp\/v2\/media\/15130"}],"wp:attachment":[{"href":"https:\/\/geliai.lt\/et\/wp-json\/wp\/v2\/media?parent=12042"}],"wp:term":[{"taxonomy":"product_brand","embeddable":true,"href":"https:\/\/geliai.lt\/et\/wp-json\/wp\/v2\/product_brand?post=12042"},{"taxonomy":"product_cat","embeddable":true,"href":"https:\/\/geliai.lt\/et\/wp-json\/wp\/v2\/product_cat?post=12042"},{"taxonomy":"product_tag","embeddable":true,"href":"https:\/\/geliai.lt\/et\/wp-json\/wp\/v2\/product_tag?post=12042"}],"curies":[{"name":"wp","href":"https:\/\/api.w.org\/{rel}","templated":true}]}}