{"id":12007,"date":"2025-09-25T11:31:39","date_gmt":"2025-09-25T08:31:39","guid":{"rendered":"https:\/\/geliai.lt\/?post_type=product&#038;p=12007"},"modified":"2026-02-17T15:02:32","modified_gmt":"2026-02-17T13:02:32","slug":"silikoon-xl-20x10-180-grit","status":"publish","type":"product","link":"https:\/\/geliai.lt\/et\/parduotuve\/antgaliai\/silikoninis-xl-20x10-180grit\/","title":{"rendered":"Silikoonist silikoonotsik XL, 180 tera, L 20 mm \u00d8 10 mm"},"content":{"rendered":"<p><strong data-start=\"931\" data-end=\"954\">Tehnilised andmed<\/strong><br data-start=\"954\" data-end=\"957\" \/>Kuju: silinder<br data-start=\"973\" data-end=\"976\" \/>V\u00e4rv: hall<br data-start=\"988\" data-end=\"991\" \/>Suurus: L 20 mm \u00d8 10 mm<br data-start=\"1013\" data-end=\"1016\" \/>Teravilja karedus: 180<br data-start=\"1025\" data-end=\"1028\" \/>T\u00fc\u00fcp: poleerimiseks<br data-start=\"1046\" data-end=\"1049\" \/>Kood: HSP-510.180.100<br data-start=\"1069\" data-end=\"1072\" \/>Kasutamine: k\u00fc\u00fcnte poleerimiseks, naturaalsete k\u00fc\u00fcnte poleerimiseks, naha poleerimiseks<br data-start=\"1145\" data-end=\"1148\" \/>Omadused: ei kanna soojust \u00fcle, eemaldab \u00f5rnalt k\u00fc\u00fcnenahad, kaitseb k\u00fc\u00fcsi ja nahka<\/p>","protected":false},"excerpt":{"rendered":"<h6>Silindrikujuline silikoonist otsik<\/h6>\n<p>Avasta professionaalne manik\u00fc\u00fcrivahend \u2013 silindrikujuline silikoonots XL 180 teraga. See ots sobib ideaalselt k\u00fc\u00fcnte poleerimiseks, naturaalsete k\u00fc\u00fcnte poleerimiseks ja naha lihvimiseks manik\u00fc\u00fcri ajal. Selle silindriline kuju tagab mugava hoidmise ja \u00fchtlase surve. Ots ei kanna soojust \u00fcle, eemaldab \u00f5rnalt k\u00fc\u00fcnenaha ning kaitseb k\u00fc\u00fcsi ja nahka, muutes t\u00f6\u00f6 kiiremaks, ohutumaks ja nauditavamaks.<\/p>","protected":false},"featured_media":15145,"comment_status":"open","ping_status":"closed","template":"","meta":[],"product_brand":[294],"product_cat":[258,288,317],"product_tag":[],"class_list":{"0":"post-12007","1":"product","2":"type-product","3":"status-publish","4":"has-post-thumbnail","6":"product_brand-head-the-beauty-tools","7":"product_cat-antgaliai","8":"product_cat-instrumentai","9":"product_cat-silikoniniai-antgaliai","11":"first","12":"instock","13":"shipping-taxable","14":"purchasable","15":"product-type-simple"},"_links":{"self":[{"href":"https:\/\/geliai.lt\/et\/wp-json\/wp\/v2\/product\/12007","targetHints":{"allow":["GET"]}}],"collection":[{"href":"https:\/\/geliai.lt\/et\/wp-json\/wp\/v2\/product"}],"about":[{"href":"https:\/\/geliai.lt\/et\/wp-json\/wp\/v2\/types\/product"}],"replies":[{"embeddable":true,"href":"https:\/\/geliai.lt\/et\/wp-json\/wp\/v2\/comments?post=12007"}],"version-history":[{"count":5,"href":"https:\/\/geliai.lt\/et\/wp-json\/wp\/v2\/product\/12007\/revisions"}],"predecessor-version":[{"id":15146,"href":"https:\/\/geliai.lt\/et\/wp-json\/wp\/v2\/product\/12007\/revisions\/15146"}],"wp:featuredmedia":[{"embeddable":true,"href":"https:\/\/geliai.lt\/et\/wp-json\/wp\/v2\/media\/15145"}],"wp:attachment":[{"href":"https:\/\/geliai.lt\/et\/wp-json\/wp\/v2\/media?parent=12007"}],"wp:term":[{"taxonomy":"product_brand","embeddable":true,"href":"https:\/\/geliai.lt\/et\/wp-json\/wp\/v2\/product_brand?post=12007"},{"taxonomy":"product_cat","embeddable":true,"href":"https:\/\/geliai.lt\/et\/wp-json\/wp\/v2\/product_cat?post=12007"},{"taxonomy":"product_tag","embeddable":true,"href":"https:\/\/geliai.lt\/et\/wp-json\/wp\/v2\/product_tag?post=12007"}],"curies":[{"name":"wp","href":"https:\/\/api.w.org\/{rel}","templated":true}]}}