{"id":11762,"date":"2025-09-03T18:23:22","date_gmt":"2025-09-03T15:23:22","guid":{"rendered":"https:\/\/geliai.lt\/?post_type=product&#038;p=11762"},"modified":"2026-04-06T21:25:48","modified_gmt":"2026-04-06T18:25:48","slug":"kummist-alus-ton-9-ilma-hema-tpo","status":"publish","type":"product","link":"https:\/\/geliai.lt\/et\/parduotuve\/bazes-ir-topai\/rubber-base-ton-9-no-hema-tpo\/","title":{"rendered":"Kummialus TON 9 (ilma hema\/tpo-ta)"},"content":{"rendered":"","protected":false},"excerpt":{"rendered":"<h5>Kummialus TON 9 \u2013 tugev, isetasanduv alus, mis sobib geellaki v\u00f5i naturaalsete k\u00fc\u00fcnte tugevdamiseks.<\/h5>\n<h6>(ilma HEMA-ta, ilma TPO-ta)<\/h6>\n<p>\u2022 Keskmise paksusega konsistents v\u00f5imaldab kummibaasi mugavat pealekandmist ja \u00fchtlast jaotumist k\u00fc\u00fcnele.<br \/>\n\u2022 Loob tugeva ja kauakestva aluskihi, mis ei kooru, ei pragune ega muuda v\u00e4rvi.<br \/>\n\u2022 Elastne koostis kohandub loomuliku k\u00fc\u00fcnega, v\u00e4hendades l\u00f5henemise ohtu.<br \/>\n\u2022 Sobib kasutamiseks nii aluskihina geellaki all kui ka maskeeriva kihina loomulikuma v\u00e4limuse saavutamiseks.<br \/>\n\u2022 Geellakkidega kasutamisel tagab kuni 4-n\u00e4dalase p\u00fcsivuse.<\/p>","protected":false},"featured_media":11763,"comment_status":"open","ping_status":"closed","template":"","meta":[],"product_brand":[290],"product_cat":[179,211,580],"product_tag":[],"class_list":{"0":"post-11762","1":"product","2":"type-product","3":"status-publish","4":"has-post-thumbnail","6":"product_brand-monarx-nails","7":"product_cat-bazes-ir-topai","8":"product_cat-komufliazo-bazes","9":"product_cat-nagu-prieziura","11":"first","12":"instock","13":"shipping-taxable","14":"purchasable","15":"product-type-variable"},"_links":{"self":[{"href":"https:\/\/geliai.lt\/et\/wp-json\/wp\/v2\/product\/11762","targetHints":{"allow":["GET"]}}],"collection":[{"href":"https:\/\/geliai.lt\/et\/wp-json\/wp\/v2\/product"}],"about":[{"href":"https:\/\/geliai.lt\/et\/wp-json\/wp\/v2\/types\/product"}],"replies":[{"embeddable":true,"href":"https:\/\/geliai.lt\/et\/wp-json\/wp\/v2\/comments?post=11762"}],"version-history":[{"count":3,"href":"https:\/\/geliai.lt\/et\/wp-json\/wp\/v2\/product\/11762\/revisions"}],"predecessor-version":[{"id":15184,"href":"https:\/\/geliai.lt\/et\/wp-json\/wp\/v2\/product\/11762\/revisions\/15184"}],"wp:featuredmedia":[{"embeddable":true,"href":"https:\/\/geliai.lt\/et\/wp-json\/wp\/v2\/media\/11763"}],"wp:attachment":[{"href":"https:\/\/geliai.lt\/et\/wp-json\/wp\/v2\/media?parent=11762"}],"wp:term":[{"taxonomy":"product_brand","embeddable":true,"href":"https:\/\/geliai.lt\/et\/wp-json\/wp\/v2\/product_brand?post=11762"},{"taxonomy":"product_cat","embeddable":true,"href":"https:\/\/geliai.lt\/et\/wp-json\/wp\/v2\/product_cat?post=11762"},{"taxonomy":"product_tag","embeddable":true,"href":"https:\/\/geliai.lt\/et\/wp-json\/wp\/v2\/product_tag?post=11762"}],"curies":[{"name":"wp","href":"https:\/\/api.w.org\/{rel}","templated":true}]}}