{"id":11437,"date":"2025-08-08T19:12:22","date_gmt":"2025-08-08T16:12:22","guid":{"rendered":"https:\/\/geliai.lt\/?post_type=product&#038;p=11437"},"modified":"2026-04-12T09:54:26","modified_gmt":"2026-04-12T06:54:26","slug":"modelleerimisgeel-17","status":"publish","type":"product","link":"https:\/\/geliai.lt\/et\/parduotuve\/gelio-sistema\/modeling-gel-17\/","title":{"rendered":"Modeling Gel 17 \u2013 k\u00fc\u00fcnepikenduste geel"},"content":{"rendered":"<ul>\n<li>\n<p data-path-to-node=\"2,0,0\"><b data-path-to-node=\"2,0,0\" data-index-in-node=\"0\">Isetasanduv valem<\/b> \u2013 geelil on \u201evedela m\u00e4lu\u201c omadus: pintsliga liigutades muutub see vedelaks ja silub ideaalselt ning vormimise l\u00f5petamisel tardub see paigale, mist\u00f5ttu see ei voola k\u00fc\u00fcnenahale ja teeb t\u00f6\u00f6 lihtsamaks.<\/p>\n<\/li>\n<li>\n<p data-path-to-node=\"2,1,0\"><b data-path-to-node=\"2,1,0\" data-index-in-node=\"0\">Maksimaalne turvalisus<\/b> \u2013 ei sisalda happeid ega allergeene, seega sobib toode tundlikele klientidele, tagab suurep\u00e4rase nakkuvuse k\u00fc\u00fcneplaadiga ja multifunktsionaalse kasutamise.<\/p>\n<\/li>\n<li>\n<p data-path-to-node=\"2,2,0\"><b data-path-to-node=\"2,2,0\" data-index-in-node=\"0\">Vastupidavus ja l\u00e4ige<\/b> \u2013 materjalil on intensiivne l\u00e4ige ning see on vastupidav kriimustustele ja muudele mehaanilistele kahjustustele, nii et manik\u00fc\u00fcr p\u00fcsib pikka aega veatu.<\/p>\n<\/li>\n<\/ul>","protected":false},"excerpt":{"rendered":"<h5>Modelleerimisgeel 17 (ilma HEMA ja TPOta)<\/h5>\n<p>Multifunktsionaalne ehitusgeel, mis \u00fchendab ideaalselt baas-, ehitus- ja lakitoote omadused. Ideaalne valik neile, kes soovivad kauneid ja tugevaid k\u00fc\u00fcsi, mis ei tekita allergiat ega nahareaktsioone.<\/p>\n<p>Miks on meie modelleerimisgeel ainulaadne?<\/p>\n<p>Ohutu \u2013 vaba potentsiaalselt kahjulikest koostisosadest, ohutu k\u00fc\u00fcntele ja nahale.<br \/>\nK\u00f5rgeim kvaliteet \u2013 iga toode on disainitud tagamaks kvaliteeti ja kiiret t\u00f6\u00f6d.<br \/>\nLai v\u00e4rvivalik \u2013 meil on lai valik toone, et saaksite valida vastavalt oma vajadustele.<br \/>\nLihtne kasutada \u2013 sobib ideaalselt nii kogenud kui ka algajatele k\u00fc\u00fcnetehnikutele, tagades kauakestva manik\u00fc\u00fcri kuni 4 n\u00e4dalaks.<\/p>","protected":false},"featured_media":15487,"comment_status":"open","ping_status":"closed","template":"","meta":[],"product_brand":[290],"product_cat":[180,277,580],"product_tag":[],"class_list":{"0":"post-11437","1":"product","2":"type-product","3":"status-publish","4":"has-post-thumbnail","6":"product_brand-monarx-nails","7":"product_cat-gelio-sistema","8":"product_cat-modeling-gel","9":"product_cat-nagu-prieziura","11":"first","12":"instock","13":"shipping-taxable","14":"purchasable","15":"product-type-variable"},"_links":{"self":[{"href":"https:\/\/geliai.lt\/et\/wp-json\/wp\/v2\/product\/11437","targetHints":{"allow":["GET"]}}],"collection":[{"href":"https:\/\/geliai.lt\/et\/wp-json\/wp\/v2\/product"}],"about":[{"href":"https:\/\/geliai.lt\/et\/wp-json\/wp\/v2\/types\/product"}],"replies":[{"embeddable":true,"href":"https:\/\/geliai.lt\/et\/wp-json\/wp\/v2\/comments?post=11437"}],"version-history":[{"count":3,"href":"https:\/\/geliai.lt\/et\/wp-json\/wp\/v2\/product\/11437\/revisions"}],"predecessor-version":[{"id":15257,"href":"https:\/\/geliai.lt\/et\/wp-json\/wp\/v2\/product\/11437\/revisions\/15257"}],"wp:featuredmedia":[{"embeddable":true,"href":"https:\/\/geliai.lt\/et\/wp-json\/wp\/v2\/media\/15487"}],"wp:attachment":[{"href":"https:\/\/geliai.lt\/et\/wp-json\/wp\/v2\/media?parent=11437"}],"wp:term":[{"taxonomy":"product_brand","embeddable":true,"href":"https:\/\/geliai.lt\/et\/wp-json\/wp\/v2\/product_brand?post=11437"},{"taxonomy":"product_cat","embeddable":true,"href":"https:\/\/geliai.lt\/et\/wp-json\/wp\/v2\/product_cat?post=11437"},{"taxonomy":"product_tag","embeddable":true,"href":"https:\/\/geliai.lt\/et\/wp-json\/wp\/v2\/product_tag?post=11437"}],"curies":[{"name":"wp","href":"https:\/\/api.w.org\/{rel}","templated":true}]}}