{"id":11092,"date":"2025-07-17T18:34:41","date_gmt":"2025-07-17T15:34:41","guid":{"rendered":"https:\/\/geliai.lt\/?post_type=product&#038;p=11092"},"modified":"2026-02-17T20:49:11","modified_gmt":"2026-02-17T18:49:11","slug":"keraamiline-otsik-maisikujuline-o60-mm-14-mm-punane-sinine","status":"publish","type":"product","link":"https:\/\/geliai.lt\/et\/parduotuve\/antgaliai\/keraminis-antgalis-kukuruzo-formos-o60-mm-14-mm-raudonas-melynas\/","title":{"rendered":"Keraamiline otsik maisikujuliselt, \u00d86,0 mm \/ 14 mm (punane-sinine)"},"content":{"rendered":"<p>Keraamiline maisikujuline ots, valmistatud keraamikast. L\u00e4bim\u00f5\u00f5t 6,0 mm, pikkus 14 mm. Punased ja sinised m\u00e4rgistused n\u00e4itavad topeltkaredust - ots sobib nii pehmema kui ka veidi tugevama pinna lihvimiseks.<\/p>","protected":false},"excerpt":{"rendered":"<h5>Maisikujuline keraamiline otsik<\/h5>\n<p>Keraamiline terakujuline otsik turvapeaga. L\u00e4bim\u00f5\u00f5t 6,0 mm, pikkus 14 mm. Punase-sinise m\u00e4rgistusega pehme ja keskmise kareduse kombinatsioon.<\/p>","protected":false},"featured_media":15311,"comment_status":"open","ping_status":"closed","template":"","meta":[],"product_brand":[294],"product_cat":[258,288,307],"product_tag":[],"class_list":{"0":"post-11092","1":"product","2":"type-product","3":"status-publish","4":"has-post-thumbnail","6":"product_brand-head-the-beauty-tools","7":"product_cat-antgaliai","8":"product_cat-instrumentai","9":"product_cat-keraminiai-antgaliai","11":"first","12":"instock","13":"shipping-taxable","14":"purchasable","15":"product-type-simple"},"_links":{"self":[{"href":"https:\/\/geliai.lt\/et\/wp-json\/wp\/v2\/product\/11092","targetHints":{"allow":["GET"]}}],"collection":[{"href":"https:\/\/geliai.lt\/et\/wp-json\/wp\/v2\/product"}],"about":[{"href":"https:\/\/geliai.lt\/et\/wp-json\/wp\/v2\/types\/product"}],"replies":[{"embeddable":true,"href":"https:\/\/geliai.lt\/et\/wp-json\/wp\/v2\/comments?post=11092"}],"version-history":[{"count":4,"href":"https:\/\/geliai.lt\/et\/wp-json\/wp\/v2\/product\/11092\/revisions"}],"predecessor-version":[{"id":15312,"href":"https:\/\/geliai.lt\/et\/wp-json\/wp\/v2\/product\/11092\/revisions\/15312"}],"wp:featuredmedia":[{"embeddable":true,"href":"https:\/\/geliai.lt\/et\/wp-json\/wp\/v2\/media\/15311"}],"wp:attachment":[{"href":"https:\/\/geliai.lt\/et\/wp-json\/wp\/v2\/media?parent=11092"}],"wp:term":[{"taxonomy":"product_brand","embeddable":true,"href":"https:\/\/geliai.lt\/et\/wp-json\/wp\/v2\/product_brand?post=11092"},{"taxonomy":"product_cat","embeddable":true,"href":"https:\/\/geliai.lt\/et\/wp-json\/wp\/v2\/product_cat?post=11092"},{"taxonomy":"product_tag","embeddable":true,"href":"https:\/\/geliai.lt\/et\/wp-json\/wp\/v2\/product_tag?post=11092"}],"curies":[{"name":"wp","href":"https:\/\/api.w.org\/{rel}","templated":true}]}}