{"id":10962,"date":"2025-07-02T17:24:23","date_gmt":"2025-07-02T14:24:23","guid":{"rendered":"https:\/\/geliai.lt\/?post_type=product&#038;p=10962"},"modified":"2026-04-21T18:18:57","modified_gmt":"2026-04-21T15:18:57","slug":"pearl-gel-8","status":"publish","type":"product","link":"https:\/\/geliai.lt\/et\/parduotuve\/gelio-sistema\/pearl-gel-8\/","title":{"rendered":"Pearl Gel 8 &#8211; gelis nag\u0173 priauginimui"},"content":{"rendered":"<ul>\n<li>\n<p data-path-to-node=\"1,0,0\"><b data-path-to-node=\"1,0,0\" data-index-in-node=\"0\">Ohutu kasutamine<\/b> \u2013 toode ei sisalda agressiivseid keemilisi komponente ega potentsiaalseid allergeene, seega ei p\u00f5hjusta geel naha\u00e4rritust ja sobib tundlikele k\u00fc\u00fcntele.<\/p>\n<\/li>\n<li>\n<p data-path-to-node=\"1,1,0\"><b data-path-to-node=\"1,1,0\" data-index-in-node=\"0\">T\u00f6\u00f6 efektiivsus<\/b> \u2013 kvaliteetne koostis on loodud manik\u00fc\u00fcrile kuluva aja minimeerimiseks, tagades professionaalse tulemuse nii salongides kui ka kodus.<\/p>\n<\/li>\n<li>\n<p data-path-to-node=\"1,2,0\"><b data-path-to-node=\"1,2,0\" data-index-in-node=\"0\">Tehnilised omadused<\/b> \u2013 lai toonipalett ja materjali lihtne jaotamine v\u00f5imaldavad saavutada tulemuse, mis kestab kuni 4 n\u00e4dalat ilma p\u00f5rkumise v\u00f5i mehaaniliste kahjustusteta.<\/p>\n<\/li>\n<\/ul>","protected":false},"excerpt":{"rendered":"<h5>P\u00e4rlgeel 8<\/h5>\n<h6>(ilma HEMA-ta, ilma TPO-ta)<\/h6>\n<p>Pearl Gel ehitusgeel \u2013 multifunktsionaalne ja ohutu valik<br \/>\nPearl Gel ehitusgeel on mitmeotstarbeline toode, mis \u00fchendab endas alusgeeli, ehitusgeeli ja l\u00e4ikegeeli omadused. See on suurep\u00e4rane valik neile, kes soovivad kauneid ja kauap\u00fcsivaid k\u00fc\u00fcsi ilma allergia v\u00f5i naha\u00e4rrituse riskita.<\/p>","protected":false},"featured_media":16997,"comment_status":"open","ping_status":"closed","template":"","meta":[],"product_brand":[290],"product_cat":[180,580,305],"product_tag":[],"class_list":{"0":"post-10962","1":"product","2":"type-product","3":"status-publish","4":"has-post-thumbnail","6":"product_brand-monarx-nails","7":"product_cat-gelio-sistema","8":"product_cat-nagu-prieziura","9":"product_cat-pearl-geliai","11":"first","12":"instock","13":"shipping-taxable","14":"purchasable","15":"product-type-variable"},"_links":{"self":[{"href":"https:\/\/geliai.lt\/et\/wp-json\/wp\/v2\/product\/10962","targetHints":{"allow":["GET"]}}],"collection":[{"href":"https:\/\/geliai.lt\/et\/wp-json\/wp\/v2\/product"}],"about":[{"href":"https:\/\/geliai.lt\/et\/wp-json\/wp\/v2\/types\/product"}],"replies":[{"embeddable":true,"href":"https:\/\/geliai.lt\/et\/wp-json\/wp\/v2\/comments?post=10962"}],"version-history":[{"count":3,"href":"https:\/\/geliai.lt\/et\/wp-json\/wp\/v2\/product\/10962\/revisions"}],"predecessor-version":[{"id":15353,"href":"https:\/\/geliai.lt\/et\/wp-json\/wp\/v2\/product\/10962\/revisions\/15353"}],"wp:featuredmedia":[{"embeddable":true,"href":"https:\/\/geliai.lt\/et\/wp-json\/wp\/v2\/media\/16997"}],"wp:attachment":[{"href":"https:\/\/geliai.lt\/et\/wp-json\/wp\/v2\/media?parent=10962"}],"wp:term":[{"taxonomy":"product_brand","embeddable":true,"href":"https:\/\/geliai.lt\/et\/wp-json\/wp\/v2\/product_brand?post=10962"},{"taxonomy":"product_cat","embeddable":true,"href":"https:\/\/geliai.lt\/et\/wp-json\/wp\/v2\/product_cat?post=10962"},{"taxonomy":"product_tag","embeddable":true,"href":"https:\/\/geliai.lt\/et\/wp-json\/wp\/v2\/product_tag?post=10962"}],"curies":[{"name":"wp","href":"https:\/\/api.w.org\/{rel}","templated":true}]}}