{"id":10848,"date":"2025-06-18T20:57:27","date_gmt":"2025-06-18T17:57:27","guid":{"rendered":"https:\/\/geliai.lt\/?post_type=product&#038;p=10848"},"modified":"2026-04-22T08:56:05","modified_gmt":"2026-04-22T05:56:05","slug":"yogurt-gel-10","status":"publish","type":"product","link":"https:\/\/geliai.lt\/et\/parduotuve\/gelio-sistema\/yogurt-gel-10\/","title":{"rendered":"YOGURT Gel 10 &#8211; gelis nag\u0173 priauginimui"},"content":{"rendered":"<ul>\n<li>\n<p data-path-to-node=\"1,0,0\"><b data-path-to-node=\"1,0,0\" data-index-in-node=\"0\">Ohutu kasutamine<\/b> \u2013 \u00fchefaasiline k\u00fc\u00fcnegeel on valmistatud ilma HEMA ja TPO komponentideta, mis v\u00e4hendab oluliselt allergiliste reaktsioonide riski ja tagab ohutu t\u00f6\u00f6.<\/p>\n<\/li>\n<li>\n<p data-path-to-node=\"1,1,0\"><b data-path-to-node=\"1,1,0\" data-index-in-node=\"0\">Universaalne rakendus<\/b> \u2013 toode sobib pikenduste tegemiseks \u0161abloonide, otsikute ja topeltk\u00fc\u00fcntega t\u00f6\u00f6tamiseks, samuti &quot;prantsuse&quot; otsikute ja &quot;printsessi k\u00fc\u00fcnte&quot; disainide loomiseks.<\/p>\n<\/li>\n<li>\n<p data-path-to-node=\"1,2,0\"><b data-path-to-node=\"1,2,0\" data-index-in-node=\"0\">T\u00f6\u00f6 efektiivsus<\/b> \u2013 koostises olevad v\u00e4ikesed fooliumosakesed v\u00f5imaldavad teil teha l\u00f5pliku manik\u00fc\u00fcri ilma t\u00e4iendavate lakkide v\u00f5i dekoratiivsete pealiskihtideta; parima nakkuvuse tagamiseks on soovitatav kasutada kummibaasv\u00e4rvi.<\/p>\n<\/li>\n<\/ul>","protected":false},"excerpt":{"rendered":"<h5>Jogurtigeel<\/h5>\n<h6>(ilma HEMA-ta, ilma TPO-ta)<\/h6>\n<p>(ilma HEMA-ta) on \u00fchefaasiline geel peente fooliumosakestega, mis sobib ideaalselt k\u00fc\u00fcnepikenduste tegemiseks \u0161abloonide, k\u00fc\u00fcnetippide ja topeltvormidega t\u00f6\u00f6tamiseks. See sobib suurep\u00e4raselt kiireks ja efektiivseks manik\u00fc\u00fcriks ilma lakkide ja fooliumkatteta. Toodet kasutatakse ka nii prantsuse k\u00fc\u00fcnetippide kui ka \u201eprintsessi k\u00fc\u00fcnte\u201c stiilis. Parima nakkuvuse saavutamiseks on soovitatav kasutada l\u00e4bipaistvat baasi (Rubber Base Monarx).<\/p>","protected":false},"featured_media":16947,"comment_status":"open","ping_status":"closed","template":"","meta":[],"product_brand":[290],"product_cat":[180,580,279],"product_tag":[],"class_list":{"0":"post-10848","1":"product","2":"type-product","3":"status-publish","4":"has-post-thumbnail","6":"product_brand-monarx-nails","7":"product_cat-gelio-sistema","8":"product_cat-nagu-prieziura","9":"product_cat-yogurt-gel","11":"first","12":"outofstock","13":"shipping-taxable","14":"purchasable","15":"product-type-variable"},"_links":{"self":[{"href":"https:\/\/geliai.lt\/et\/wp-json\/wp\/v2\/product\/10848","targetHints":{"allow":["GET"]}}],"collection":[{"href":"https:\/\/geliai.lt\/et\/wp-json\/wp\/v2\/product"}],"about":[{"href":"https:\/\/geliai.lt\/et\/wp-json\/wp\/v2\/types\/product"}],"replies":[{"embeddable":true,"href":"https:\/\/geliai.lt\/et\/wp-json\/wp\/v2\/comments?post=10848"}],"version-history":[{"count":3,"href":"https:\/\/geliai.lt\/et\/wp-json\/wp\/v2\/product\/10848\/revisions"}],"predecessor-version":[{"id":15400,"href":"https:\/\/geliai.lt\/et\/wp-json\/wp\/v2\/product\/10848\/revisions\/15400"}],"wp:featuredmedia":[{"embeddable":true,"href":"https:\/\/geliai.lt\/et\/wp-json\/wp\/v2\/media\/16947"}],"wp:attachment":[{"href":"https:\/\/geliai.lt\/et\/wp-json\/wp\/v2\/media?parent=10848"}],"wp:term":[{"taxonomy":"product_brand","embeddable":true,"href":"https:\/\/geliai.lt\/et\/wp-json\/wp\/v2\/product_brand?post=10848"},{"taxonomy":"product_cat","embeddable":true,"href":"https:\/\/geliai.lt\/et\/wp-json\/wp\/v2\/product_cat?post=10848"},{"taxonomy":"product_tag","embeddable":true,"href":"https:\/\/geliai.lt\/et\/wp-json\/wp\/v2\/product_tag?post=10848"}],"curies":[{"name":"wp","href":"https:\/\/api.w.org\/{rel}","templated":true}]}}