{"id":10758,"date":"2025-06-06T19:01:44","date_gmt":"2025-06-06T16:01:44","guid":{"rendered":"https:\/\/geliai.lt\/?post_type=product&#038;p=10758"},"modified":"2026-04-21T18:06:21","modified_gmt":"2026-04-21T15:06:21","slug":"libby-geel","status":"publish","type":"product","link":"https:\/\/geliai.lt\/et\/parduotuve\/gelio-sistema\/libby-gelis\/","title":{"rendered":"Libby geel \u2013 k\u00fc\u00fcnepikenduste geel"},"content":{"rendered":"<ul>\n<li>\n<p data-path-to-node=\"1,0,0\"><b data-path-to-node=\"1,0,0\" data-index-in-node=\"0\">Ohutu ja mugav kasutamine<\/b> \u2013 toode on valmistatud ilma HEMA, TPO, hapete v\u00f5i muude agressiivsete aineteta, seega sobib see tundlikele k\u00fc\u00fcneplaatidele ning pol\u00fcmerisatsiooni ajal tekkiv v\u00e4henenud kuumustunne tagab kliendi mugavuse.<\/p>\n<\/li>\n<li>\n<p data-path-to-node=\"1,1,0\"><b data-path-to-node=\"1,1,0\" data-index-in-node=\"0\">Universaalsed modelleerimisfunktsioonid<\/b> \u2013 keskmise paksusega, isetasanduv geel, mis ei voola laiali ja sobib ideaalselt \u00fclemiste v\u00f5i alumiste k\u00fc\u00fcnte pikenduste jaoks, naturaalsete k\u00fc\u00fcnte tugevdamiseks ja deformeerunud k\u00fc\u00fcneplaatide korrigeerimiseks.<\/p>\n<\/li>\n<li>\n<p data-path-to-node=\"1,2,0\"><b data-path-to-node=\"1,2,0\" data-index-in-node=\"0\">Mehaaniline vastupidavus ja efektiivsus<\/b> \u2013 tugevdab n\u00f5rku k\u00fc\u00fcsi, andes neile stabiilsuse, ei t\u00f5mbu kokku ega l\u00f5hene ning hele toon v\u00f5imaldab tugevdada ja v\u00e4rvida \u00fche sammuga, s\u00e4\u00e4stes seel\u00e4bi t\u00f6\u00f6aega.<\/p>\n<\/li>\n<\/ul>","protected":false},"excerpt":{"rendered":"<h5>Libby geel (HEMA-vaba, TPO-vaba)<\/h5>\n<p>Armastus esimesest puudutusest!<br \/>\nRomantiline geel peente s\u00e4delevate osakestega, mis kindlasti meeldib igale kliendile.<\/p>","protected":false},"featured_media":10759,"comment_status":"open","ping_status":"closed","template":"","meta":[],"product_brand":[290],"product_cat":[180,580,303],"product_tag":[],"class_list":{"0":"post-10758","1":"product","2":"type-product","3":"status-publish","4":"has-post-thumbnail","6":"product_brand-monarx-nails","7":"product_cat-gelio-sistema","8":"product_cat-nagu-prieziura","9":"product_cat-star-darklings-geliai","11":"first","12":"instock","13":"shipping-taxable","14":"purchasable","15":"product-type-variable"},"_links":{"self":[{"href":"https:\/\/geliai.lt\/et\/wp-json\/wp\/v2\/product\/10758","targetHints":{"allow":["GET"]}}],"collection":[{"href":"https:\/\/geliai.lt\/et\/wp-json\/wp\/v2\/product"}],"about":[{"href":"https:\/\/geliai.lt\/et\/wp-json\/wp\/v2\/types\/product"}],"replies":[{"embeddable":true,"href":"https:\/\/geliai.lt\/et\/wp-json\/wp\/v2\/comments?post=10758"}],"version-history":[{"count":3,"href":"https:\/\/geliai.lt\/et\/wp-json\/wp\/v2\/product\/10758\/revisions"}],"predecessor-version":[{"id":15435,"href":"https:\/\/geliai.lt\/et\/wp-json\/wp\/v2\/product\/10758\/revisions\/15435"}],"wp:featuredmedia":[{"embeddable":true,"href":"https:\/\/geliai.lt\/et\/wp-json\/wp\/v2\/media\/10759"}],"wp:attachment":[{"href":"https:\/\/geliai.lt\/et\/wp-json\/wp\/v2\/media?parent=10758"}],"wp:term":[{"taxonomy":"product_brand","embeddable":true,"href":"https:\/\/geliai.lt\/et\/wp-json\/wp\/v2\/product_brand?post=10758"},{"taxonomy":"product_cat","embeddable":true,"href":"https:\/\/geliai.lt\/et\/wp-json\/wp\/v2\/product_cat?post=10758"},{"taxonomy":"product_tag","embeddable":true,"href":"https:\/\/geliai.lt\/et\/wp-json\/wp\/v2\/product_tag?post=10758"}],"curies":[{"name":"wp","href":"https:\/\/api.w.org\/{rel}","templated":true}]}}