{"id":10471,"date":"2025-05-19T13:32:24","date_gmt":"2025-05-19T10:32:24","guid":{"rendered":"https:\/\/geliai.lt\/?post_type=product&#038;p=10471"},"modified":"2026-02-19T09:25:48","modified_gmt":"2026-02-19T07:25:48","slug":"prosteril-klijuojami-dildes-abrazyvai-mini-180-gritu-50vnt-1mm","status":"publish","type":"product","link":"https:\/\/geliai.lt\/et\/parduotuve\/dildes\/prosteril-klijuojami-dildes-abrazyvai-mini-180-gritu-50vnt-1mm\/","title":{"rendered":"ProSteril liimviil abrasiivid MINI 180 grit 50 tk 1mm"},"content":{"rendered":"","protected":false},"excerpt":{"rendered":"<h5>ProSteril liimviil-abrasiivid<\/h5>\n<p>Sirged liimviilid, abrasiivid \u2013 karedus 180, paksus 1 mm. Mugava ja t\u00e4pse manik\u00fc\u00fcri jaoks. Pakend \u2013 50 tk.<br \/>\nProdukto kodas: FBMINI180<\/p>","protected":false},"featured_media":15526,"comment_status":"open","ping_status":"closed","template":"","meta":[],"product_brand":[289],"product_cat":[300,288],"product_tag":[],"class_list":{"0":"post-10471","1":"product","2":"type-product","3":"status-publish","4":"has-post-thumbnail","6":"product_brand-pro-steril","7":"product_cat-dildes","8":"product_cat-instrumentai","10":"first","11":"instock","12":"shipping-taxable","13":"purchasable","14":"product-type-simple"},"_links":{"self":[{"href":"https:\/\/geliai.lt\/et\/wp-json\/wp\/v2\/product\/10471","targetHints":{"allow":["GET"]}}],"collection":[{"href":"https:\/\/geliai.lt\/et\/wp-json\/wp\/v2\/product"}],"about":[{"href":"https:\/\/geliai.lt\/et\/wp-json\/wp\/v2\/types\/product"}],"replies":[{"embeddable":true,"href":"https:\/\/geliai.lt\/et\/wp-json\/wp\/v2\/comments?post=10471"}],"version-history":[{"count":5,"href":"https:\/\/geliai.lt\/et\/wp-json\/wp\/v2\/product\/10471\/revisions"}],"predecessor-version":[{"id":15532,"href":"https:\/\/geliai.lt\/et\/wp-json\/wp\/v2\/product\/10471\/revisions\/15532"}],"wp:featuredmedia":[{"embeddable":true,"href":"https:\/\/geliai.lt\/et\/wp-json\/wp\/v2\/media\/15526"}],"wp:attachment":[{"href":"https:\/\/geliai.lt\/et\/wp-json\/wp\/v2\/media?parent=10471"}],"wp:term":[{"taxonomy":"product_brand","embeddable":true,"href":"https:\/\/geliai.lt\/et\/wp-json\/wp\/v2\/product_brand?post=10471"},{"taxonomy":"product_cat","embeddable":true,"href":"https:\/\/geliai.lt\/et\/wp-json\/wp\/v2\/product_cat?post=10471"},{"taxonomy":"product_tag","embeddable":true,"href":"https:\/\/geliai.lt\/et\/wp-json\/wp\/v2\/product_tag?post=10471"}],"curies":[{"name":"wp","href":"https:\/\/api.w.org\/{rel}","templated":true}]}}